{"id":366,"date":"2024-09-05T19:13:09","date_gmt":"2024-09-05T19:13:09","guid":{"rendered":"https:\/\/filipefafiaesoliveiratraducoes.eu\/portfolio\/"},"modified":"2026-02-20T17:46:31","modified_gmt":"2026-02-20T17:46:31","slug":"portfolio","status":"publish","type":"page","link":"https:\/\/filipefafiaesoliveiratraducoes.eu\/en\/portfolio\/","title":{"rendered":"Portfolio"},"content":{"rendered":"<div class=\"wp-block-uagb-container uagb-block-68becadc alignfull uagb-is-root-container\"><div class=\"uagb-container-inner-blocks-wrap\">\r\n<div class=\"wp-block-uagb-container uagb-block-fa01fc62\">\r\n<div class=\"wp-block-uagb-info-box uagb-block-44e04e12 uagb-infobox__content-wrap  uagb-infobox-icon-above-title uagb-infobox-image-valign-top\"><div class=\"uagb-ifb-content\"><div class=\"uagb-ifb-title-wrap\"><div class=\"uagb-ifb-separator\"><\/div><h1 class=\"uagb-ifb-title\">Portfolio<\/h1><\/div><\/div><\/div>\r\n<\/div>\r\n\r\n\r\n\r\n<div class=\"wp-block-uagb-container uag-blocks-common-selector uagb-block-b9a5102c\">\r\n<div class=\"wp-block-uagb-image aligncenter uagb-block-9371e1ad wp-block-uagb-image--layout-default wp-block-uagb-image--effect-static wp-block-uagb-image--align-center\"><figure class=\"wp-block-uagb-image__figure\"><img loading=\"lazy\" decoding=\"async\" srcset=\"https:\/\/filipefafiaesoliveiratraducoes.eu\/wp-content\/uploads\/2021\/05\/bg-05-free-img.jpg ,https:\/\/filipefafiaesoliveiratraducoes.eu\/wp-content\/uploads\/2021\/05\/bg-05-free-img.jpg 780w, https:\/\/filipefafiaesoliveiratraducoes.eu\/wp-content\/uploads\/2021\/05\/bg-05-free-img.jpg 360w\" sizes=\"auto, (max-width: 480px) 150px\" src=\"https:\/\/filipefafiaesoliveiratraducoes.eu\/wp-content\/uploads\/2021\/05\/bg-05-free-img.jpg\" alt=\"\" class=\"uag-image-266\" width=\"670\" height=\"670\" title=\"bg-05-free-img\" role=\"img\"\/><\/figure><\/div>\r\n<\/div>\r\n<\/div><\/div>\r\n\r\n\r\n\r\n<div class=\"wp-block-uagb-container uagb-block-e1396704 alignfull uagb-is-root-container\"><div class=\"uagb-container-inner-blocks-wrap\">\r\n<div class=\"wp-block-uagb-advanced-heading uagb-block-cb30e677\"><h2 class=\"uagb-heading-text\">Some of My Credited Translations<\/h2><\/div>\r\n\r\n\r\n\r\n<div class=\"wp-block-uagb-container uagb-layout-grid uagb-block-d3292758 alignfull uagb-is-root-container\"><div class=\"uagb-container-inner-blocks-wrap\">\r\n<div class=\"wp-block-uagb-image uagb-block-0e52de14 wp-block-uagb-image--layout-default wp-block-uagb-image--effect-static wp-block-uagb-image--align-none\"><figure class=\"wp-block-uagb-image__figure\"><img loading=\"lazy\" decoding=\"async\" srcset=\"https:\/\/filipefafiaesoliveiratraducoes.eu\/wp-content\/uploads\/2024\/09\/DCs-Legends-of-Tomorrow_.png ,https:\/\/filipefafiaesoliveiratraducoes.eu\/wp-content\/uploads\/2024\/09\/DCs-Legends-of-Tomorrow_.png 780w, https:\/\/filipefafiaesoliveiratraducoes.eu\/wp-content\/uploads\/2024\/09\/DCs-Legends-of-Tomorrow_.png 360w\" sizes=\"auto, (max-width: 480px) 150px\" src=\"https:\/\/filipefafiaesoliveiratraducoes.eu\/wp-content\/uploads\/2024\/09\/DCs-Legends-of-Tomorrow_.png\" alt=\"DC's Legends of Tomorrow-tradu\u00e7\u00e3o-Filipe Fafi\u00e3es Oliveira\" class=\"uag-image-1776\" width=\"370\" height=\"474\" title=\"DC&#039;s Legends of Tomorrow-tradu\u00e7\u00e3o-Filipe Fafi\u00e3es Oliveira\" role=\"img\"\/><\/figure><\/div>\r\n\r\n\r\n\r\n<div class=\"wp-block-uagb-image uagb-block-731772ca wp-block-uagb-image--layout-default wp-block-uagb-image--effect-static wp-block-uagb-image--align-none\"><figure class=\"wp-block-uagb-image__figure\"><img loading=\"lazy\" decoding=\"async\" srcset=\"https:\/\/filipefafiaesoliveiratraducoes.eu\/wp-content\/uploads\/2024\/09\/Family-Guy_.png ,https:\/\/filipefafiaesoliveiratraducoes.eu\/wp-content\/uploads\/2024\/09\/Family-Guy_.png 780w, https:\/\/filipefafiaesoliveiratraducoes.eu\/wp-content\/uploads\/2024\/09\/Family-Guy_.png 360w\" sizes=\"auto, (max-width: 480px) 150px\" src=\"https:\/\/filipefafiaesoliveiratraducoes.eu\/wp-content\/uploads\/2024\/09\/Family-Guy_.png\" alt=\"Family Guy-tradu\u00e7\u00e3o-Filipe Fafi\u00e3es Oliveira\" class=\"uag-image-1765\" width=\"370\" height=\"474\" title=\"Family Guy-tradu\u00e7\u00e3o-Filipe Fafi\u00e3es Oliveira\" role=\"img\"\/><\/figure><\/div>\r\n\r\n\r\n\r\n<div class=\"wp-block-uagb-image uagb-block-c07efe3e wp-block-uagb-image--layout-default wp-block-uagb-image--effect-static wp-block-uagb-image--align-none\"><figure class=\"wp-block-uagb-image__figure\"><img loading=\"lazy\" decoding=\"async\" srcset=\"https:\/\/filipefafiaesoliveiratraducoes.eu\/wp-content\/uploads\/2024\/09\/Tron-Uprising_.png ,https:\/\/filipefafiaesoliveiratraducoes.eu\/wp-content\/uploads\/2024\/09\/Tron-Uprising_.png 780w, https:\/\/filipefafiaesoliveiratraducoes.eu\/wp-content\/uploads\/2024\/09\/Tron-Uprising_.png 360w\" sizes=\"auto, (max-width: 480px) 150px\" src=\"https:\/\/filipefafiaesoliveiratraducoes.eu\/wp-content\/uploads\/2024\/09\/Tron-Uprising_.png\" alt=\"Tron Uprising-tradu\u00e7\u00e3o-Filipe Fafi\u00e3es Oliveira\" class=\"uag-image-1766\" width=\"370\" height=\"389\" title=\"Tron Uprising-tradu\u00e7\u00e3o-Filipe Fafi\u00e3es Oliveira\" role=\"img\"\/><\/figure><\/div>\r\n\r\n\r\n\r\n<div class=\"wp-block-uagb-image uagb-block-91e4a877 wp-block-uagb-image--layout-default wp-block-uagb-image--effect-static wp-block-uagb-image--align-none\"><figure class=\"wp-block-uagb-image__figure\"><img loading=\"lazy\" decoding=\"async\" srcset=\"https:\/\/filipefafiaesoliveiratraducoes.eu\/wp-content\/uploads\/2024\/09\/Seed-of-Chucky_.png ,https:\/\/filipefafiaesoliveiratraducoes.eu\/wp-content\/uploads\/2024\/09\/Seed-of-Chucky_.png 780w, https:\/\/filipefafiaesoliveiratraducoes.eu\/wp-content\/uploads\/2024\/09\/Seed-of-Chucky_.png 360w\" sizes=\"auto, (max-width: 480px) 150px\" src=\"https:\/\/filipefafiaesoliveiratraducoes.eu\/wp-content\/uploads\/2024\/09\/Seed-of-Chucky_.png\" alt=\"Seed of Chucky-tradu\u00e7\u00e3o-Filipe Fafi\u00e3es Oliveira\" class=\"uag-image-1767\" width=\"370\" height=\"342\" title=\"Seed of Chucky-tradu\u00e7\u00e3o-Filipe Fafi\u00e3es Oliveira\" role=\"img\"\/><\/figure><\/div>\r\n\r\n\r\n\r\n<div class=\"wp-block-uagb-image uagb-block-527fda4b wp-block-uagb-image--layout-default wp-block-uagb-image--effect-static wp-block-uagb-image--align-none\"><figure class=\"wp-block-uagb-image__figure\"><img loading=\"lazy\" decoding=\"async\" srcset=\"https:\/\/filipefafiaesoliveiratraducoes.eu\/wp-content\/uploads\/2024\/09\/The-Devils-Harmony_.png ,https:\/\/filipefafiaesoliveiratraducoes.eu\/wp-content\/uploads\/2024\/09\/The-Devils-Harmony_.png 780w, https:\/\/filipefafiaesoliveiratraducoes.eu\/wp-content\/uploads\/2024\/09\/The-Devils-Harmony_.png 360w\" sizes=\"auto, (max-width: 480px) 150px\" src=\"https:\/\/filipefafiaesoliveiratraducoes.eu\/wp-content\/uploads\/2024\/09\/The-Devils-Harmony_.png\" alt=\"The Devil's Harmony-tradu\u00e7\u00e3o-Filipe Fafi\u00e3es Oliveira\" class=\"uag-image-1769\" width=\"370\" height=\"520\" title=\"The Devil&#039;s Harmony-tradu\u00e7\u00e3o-Filipe Fafi\u00e3es Oliveira\" role=\"img\"\/><\/figure><\/div>\r\n\r\n\r\n\r\n<div class=\"wp-block-uagb-image uagb-block-93bd31ef wp-block-uagb-image--layout-default wp-block-uagb-image--effect-static wp-block-uagb-image--align-none\"><figure class=\"wp-block-uagb-image__figure\"><img loading=\"lazy\" decoding=\"async\" srcset=\"https:\/\/filipefafiaesoliveiratraducoes.eu\/wp-content\/uploads\/2024\/09\/Kontroller-Snow_.png ,https:\/\/filipefafiaesoliveiratraducoes.eu\/wp-content\/uploads\/2024\/09\/Kontroller-Snow_.png 780w, https:\/\/filipefafiaesoliveiratraducoes.eu\/wp-content\/uploads\/2024\/09\/Kontroller-Snow_.png 360w\" sizes=\"auto, (max-width: 480px) 150px\" src=\"https:\/\/filipefafiaesoliveiratraducoes.eu\/wp-content\/uploads\/2024\/09\/Kontroller-Snow_.png\" alt=\"Kontroller Snow-The Devil's Harmony-tradu\u00e7\u00e3o-Filipe Fafi\u00e3es Oliveira\" class=\"uag-image-1770\" width=\"370\" height=\"342\" title=\"Kontroller Snow-The Devil&#039;s Harmony-tradu\u00e7\u00e3o-Filipe Fafi\u00e3es Oliveira\" role=\"img\"\/><\/figure><\/div>\r\n\r\n\r\n\r\n<div class=\"wp-block-uagb-image uagb-block-e85d2262 wp-block-uagb-image--layout-default wp-block-uagb-image--effect-static wp-block-uagb-image--align-none\"><figure class=\"wp-block-uagb-image__figure\"><img loading=\"lazy\" decoding=\"async\" srcset=\"https:\/\/filipefafiaesoliveiratraducoes.eu\/wp-content\/uploads\/2024\/09\/The-Goldbergs_.png ,https:\/\/filipefafiaesoliveiratraducoes.eu\/wp-content\/uploads\/2024\/09\/The-Goldbergs_.png 780w, https:\/\/filipefafiaesoliveiratraducoes.eu\/wp-content\/uploads\/2024\/09\/The-Goldbergs_.png 360w\" sizes=\"auto, (max-width: 480px) 150px\" src=\"https:\/\/filipefafiaesoliveiratraducoes.eu\/wp-content\/uploads\/2024\/09\/The-Goldbergs_.png\" alt=\"The Goldbergs-The Devil's Harmony-tradu\u00e7\u00e3o-Filipe Fafi\u00e3es Oliveira\" class=\"uag-image-1771\" width=\"370\" height=\"688\" title=\"The Goldbergs-The Devil&#039;s Harmony-tradu\u00e7\u00e3o-Filipe Fafi\u00e3es Oliveira\" role=\"img\"\/><\/figure><\/div>\r\n\r\n\r\n\r\n<div class=\"wp-block-uagb-image uagb-block-efe6c7d8 wp-block-uagb-image--layout-default wp-block-uagb-image--effect-static wp-block-uagb-image--align-none\"><figure class=\"wp-block-uagb-image__figure\"><img loading=\"lazy\" decoding=\"async\" srcset=\"https:\/\/filipefafiaesoliveiratraducoes.eu\/wp-content\/uploads\/2024\/09\/The-Middle_.png ,https:\/\/filipefafiaesoliveiratraducoes.eu\/wp-content\/uploads\/2024\/09\/The-Middle_.png 780w, https:\/\/filipefafiaesoliveiratraducoes.eu\/wp-content\/uploads\/2024\/09\/The-Middle_.png 360w\" sizes=\"auto, (max-width: 480px) 150px\" src=\"https:\/\/filipefafiaesoliveiratraducoes.eu\/wp-content\/uploads\/2024\/09\/The-Middle_.png\" alt=\"The Middle-tradu\u00e7\u00e3o-Filipe Fafi\u00e3es Oliveira\" class=\"uag-image-1772\" width=\"343\" height=\"1024\" title=\"The Middle-tradu\u00e7\u00e3o-Filipe Fafi\u00e3es Oliveira\" role=\"img\"\/><\/figure><\/div>\r\n\r\n\r\n\r\n<div class=\"wp-block-uagb-image uagb-block-b3fb255e wp-block-uagb-image--layout-default wp-block-uagb-image--effect-static wp-block-uagb-image--align-none\"><figure class=\"wp-block-uagb-image__figure\"><img loading=\"lazy\" decoding=\"async\" srcset=\"https:\/\/filipefafiaesoliveiratraducoes.eu\/wp-content\/uploads\/2024\/09\/Between-Us-And-The-World_.png ,https:\/\/filipefafiaesoliveiratraducoes.eu\/wp-content\/uploads\/2024\/09\/Between-Us-And-The-World_.png 780w, https:\/\/filipefafiaesoliveiratraducoes.eu\/wp-content\/uploads\/2024\/09\/Between-Us-And-The-World_.png 360w\" sizes=\"auto, (max-width: 480px) 150px\" src=\"https:\/\/filipefafiaesoliveiratraducoes.eu\/wp-content\/uploads\/2024\/09\/Between-Us-And-The-World_.png\" alt=\"Between Us And The World-tradu\u00e7\u00e3o-Filipe Fafi\u00e3es Oliveira\" class=\"uag-image-1774\" width=\"370\" height=\"931\" title=\"Between Us And The World-tradu\u00e7\u00e3o-Filipe Fafi\u00e3es Oliveira\" role=\"img\"\/><\/figure><\/div>\r\n<\/div><\/div>\r\n<\/div><\/div>\r\n\r\n\r\n\r\n<div class=\"wp-block-uagb-container uagb-block-794455c5 alignfull uagb-is-root-container\"><div class=\"uagb-container-inner-blocks-wrap\">\r\n<div class=\"wp-block-uagb-advanced-heading uagb-block-00f02ecd\"><h2 class=\"uagb-heading-text\">Contact<\/h2><\/div>\r\n\r\n\r\n\r\n<div class=\"wp-block-uagb-image alignright uagb-block-ecc22442 wp-block-uagb-image--layout-default wp-block-uagb-image--effect-static wp-block-uagb-image--align-right\"><figure class=\"wp-block-uagb-image__figure\"><img loading=\"lazy\" decoding=\"async\" srcset=\"https:\/\/filipefafiaesoliveiratraducoes.eu\/wp-content\/uploads\/2021\/05\/arrow-01-free-img.png \" sizes=\"auto, (max-width: 480px) 150px\" src=\"https:\/\/filipefafiaesoliveiratraducoes.eu\/wp-content\/uploads\/2021\/05\/arrow-01-free-img.png\" alt=\"\" class=\"uag-image-52\" width=\"80\" height=\"43\" title=\"\" role=\"img\"\/><\/figure><\/div>\r\n<\/div><\/div>","protected":false},"excerpt":{"rendered":"<p>Algumas Tradu\u00e7\u00f5es Assinadas Contacto<\/p>","protected":false},"author":1,"featured_media":0,"parent":0,"menu_order":0,"comment_status":"closed","ping_status":"closed","template":"","meta":{"_eb_attr":"","_uag_custom_page_level_css":"","site-sidebar-layout":"no-sidebar","site-content-layout":"page-builder","ast-site-content-layout":"full-width-container","site-content-style":"unboxed","site-sidebar-style":"unboxed","ast-global-header-display":"","ast-banner-title-visibility":"","ast-main-header-display":"","ast-hfb-above-header-display":"","ast-hfb-below-header-display":"","ast-hfb-mobile-header-display":"","site-post-title":"disabled","ast-breadcrumbs-content":"disabled","ast-featured-img":"disabled","footer-sml-layout":"","theme-transparent-header-meta":"enabled","adv-header-id-meta":"","stick-header-meta":"","header-above-stick-meta":"","header-main-stick-meta":"","header-below-stick-meta":"","astra-migrate-meta-layouts":"set","ast-page-background-enabled":"default","ast-page-background-meta":{"desktop":{"background-color":"","background-image":"","background-repeat":"repeat","background-position":"center center","background-size":"auto","background-attachment":"scroll","background-type":"","background-media":"","overlay-type":"","overlay-color":"","overlay-opacity":"","overlay-gradient":""},"tablet":{"background-color":"","background-image":"","background-repeat":"repeat","background-position":"center center","background-size":"auto","background-attachment":"scroll","background-type":"","background-media":"","overlay-type":"","overlay-color":"","overlay-opacity":"","overlay-gradient":""},"mobile":{"background-color":"","background-image":"","background-repeat":"repeat","background-position":"center center","background-size":"auto","background-attachment":"scroll","background-type":"","background-media":"","overlay-type":"","overlay-color":"","overlay-opacity":"","overlay-gradient":""}},"ast-content-background-meta":{"desktop":{"background-color":"var(--ast-global-color-5)","background-image":"","background-repeat":"repeat","background-position":"center center","background-size":"auto","background-attachment":"scroll","background-type":"","background-media":"","overlay-type":"","overlay-color":"","overlay-opacity":"","overlay-gradient":""},"tablet":{"background-color":"var(--ast-global-color-5)","background-image":"","background-repeat":"repeat","background-position":"center center","background-size":"auto","background-attachment":"scroll","background-type":"","background-media":"","overlay-type":"","overlay-color":"","overlay-opacity":"","overlay-gradient":""},"mobile":{"background-color":"var(--ast-global-color-5)","background-image":"","background-repeat":"repeat","background-position":"center center","background-size":"auto","background-attachment":"scroll","background-type":"","background-media":"","overlay-type":"","overlay-color":"","overlay-opacity":"","overlay-gradient":""}},"footnotes":""},"class_list":["post-366","page","type-page","status-publish","hentry"],"_hostinger_reach_plugin_has_subscription_block":false,"_hostinger_reach_plugin_is_elementor":false,"uagb_featured_image_src":{"full":false,"thumbnail":false,"medium":false,"medium_large":false,"large":false,"1536x1536":false,"2048x2048":false,"trp-custom-language-flag":false},"uagb_author_info":{"display_name":"root","author_link":"https:\/\/filipefafiaesoliveiratraducoes.eu\/en\/author\/root\/"},"uagb_comment_info":0,"uagb_excerpt":"Algumas Tradu\u00e7\u00f5es Assinadas Contacto","_links":{"self":[{"href":"https:\/\/filipefafiaesoliveiratraducoes.eu\/en\/wp-json\/wp\/v2\/pages\/366","targetHints":{"allow":["GET"]}}],"collection":[{"href":"https:\/\/filipefafiaesoliveiratraducoes.eu\/en\/wp-json\/wp\/v2\/pages"}],"about":[{"href":"https:\/\/filipefafiaesoliveiratraducoes.eu\/en\/wp-json\/wp\/v2\/types\/page"}],"author":[{"embeddable":true,"href":"https:\/\/filipefafiaesoliveiratraducoes.eu\/en\/wp-json\/wp\/v2\/users\/1"}],"replies":[{"embeddable":true,"href":"https:\/\/filipefafiaesoliveiratraducoes.eu\/en\/wp-json\/wp\/v2\/comments?post=366"}],"version-history":[{"count":11,"href":"https:\/\/filipefafiaesoliveiratraducoes.eu\/en\/wp-json\/wp\/v2\/pages\/366\/revisions"}],"predecessor-version":[{"id":1778,"href":"https:\/\/filipefafiaesoliveiratraducoes.eu\/en\/wp-json\/wp\/v2\/pages\/366\/revisions\/1778"}],"wp:attachment":[{"href":"https:\/\/filipefafiaesoliveiratraducoes.eu\/en\/wp-json\/wp\/v2\/media?parent=366"}],"curies":[{"name":"wp","href":"https:\/\/api.w.org\/{rel}","templated":true}]}}